{"id":3753,"date":"2025-12-16T17:10:56","date_gmt":"2025-12-16T16:10:56","guid":{"rendered":"https:\/\/modulco.be\/?page_id=3753"},"modified":"2026-04-20T15:36:20","modified_gmt":"2026-04-20T13:36:20","slug":"anders-bouwen-vandaag-en-morgen","status":"publish","type":"page","link":"https:\/\/modulco.be\/nl\/anders-bouwen-vandaag-en-morgen\/","title":{"rendered":"Anders bouwen, vandaag en morgen"},"content":{"rendered":"\n<section class=\"acf-block acf-block-content acf-block-first acf-block-watermark acf-block-watermark-right acf-block-watermark-top\" id=\"block_acf-block_694185808c009\">\n    <div class=\"container-fluid\">\n        <div class=\"columns__container row\">\n                            \n                <div class=\"content__wrapper col-md-10\">\n                    \n                    <div class=\"content__container\">\n                                                                                    <div class=\"content__body\"><h1 data-path-to-node=\"1\"><b data-path-to-node=\"1\" data-index-in-node=\"0\">Anders bouwen, vandaag en morgen<\/b><\/h1>\n<p data-path-to-node=\"2\">Bij Modulco geloven we dat flexibiliteit en verantwoordelijkheid hand in hand gaan. Onze modules worden samengebouwd om aan uw behoeften te voldoen, terwijl we stapsgewijs oplossingen integreren die de impact op het milieu verkleinen en duurzaamheid bevorderen. Geen holle woorden, maar concrete acties, bedacht om onze klanten te begeleiden naar ruimtes die effici\u00ebnter zijn en respectvoller omgaan met natuurlijke hulpbronnen.<\/p>\n<\/div>\n                                                                        <\/div>\n                <\/div>\n                    <\/div>\n    <\/div>\n<\/section>\n\n\n\n<section class=\"acf-block acf-block-content\" id=\"block_acf-block_694185808eb67\">\n    <div class=\"container-fluid\">\n        <div class=\"columns__container row\">\n                            \n                <div class=\"content__wrapper col-md-6\">\n                    \n                    <div class=\"content__container\">\n                                                                                    <div class=\"content__body\"><h3>Modules die zich aanpassen aan uw behoeften, vandaag en morgen<\/b><\/h3>\n<p>Wij ontwikkelen onze modules zodat ze voldoen aan de verwachtingen van vandaag en morgen: beter ge\u00efsoleerd, comfortabeler en energiezuiniger. Ons assortiment wordt voortdurend uitgebreid om oplossingen te bieden die passen bij uw specifieke toepassing, of het nu gaat om scholen, tijdelijke kantoren of industri\u00eble ruimtes.<\/p>\n<h3>Onze dagelijkse engagementen<\/b><\/h3>\n<h4>Energie en uitrusting<\/b><\/h4>\n<ul>\n<li>\n<p><b>Zonnepanelen<\/b> ge\u00efnstalleerd op het dak van ons gebouw.<\/p>\n<\/li>\n<li>\n<p><b>Elektrisch behandelingsmateriaal<\/b> (Manitou en Clark) om de uitstoot op onze sites te verminderen.<\/p>\n<\/li>\n<\/ul>\n<h4><b>Duurzaamheid en hergebruik<\/b><\/h4>\n<ul>\n<li>\n<p><b>Reparatie en revisie<\/b> van containers om hun levensduur te verlengen.<\/p>\n<\/li>\n<li>\n<p><b>Hoogwaardig hergebruik<\/b> van materialen waar mogelijk.<\/p>\n<\/li>\n<\/ul>\n<ul>\n<li>R\u00e9paration et remise en \u00e9tat de containers pour prolonger leur dur\u00e9e de vie<\/li>\n<li>Valorisation des mat\u00e9riaux lorsque c&#8217;est possible<\/li>\n<\/ul>\n<h3><b>Modules die zich aanpassen aan uw behoeften, vandaag en morgen<\/b><\/h3>\n<p>Wij ontwikkelen onze modules zodat ze voldoen aan de verwachtingen van vandaag en morgen: beter ge\u00efsoleerd, comfortabeler en energiezuiniger. Ons assortiment wordt voortdurend uitgebreid om oplossingen te bieden die passen bij uw specifieke toepassing, of het nu gaat om scholen, tijdelijke kantoren of industri\u00eble ruimtes.<\/p>\n<\/div>\n                                                                        <\/div>\n                <\/div>\n                            \n                <div class=\"content__wrapper col-md-6\">\n                    \n                    <div class=\"content__container\">\n                                                    <div class=\"content__image\"><img loading=\"lazy\" decoding=\"async\" width=\"599\" height=\"467\" src=\"https:\/\/modulco.be\/app\/uploads\/2026\/03\/60d5d7015685d-img-20210420-104633-min.jpg\" class=\"attachment-full size-full\" alt=\"\" srcset=\"https:\/\/modulco.be\/app\/uploads\/2026\/03\/60d5d7015685d-img-20210420-104633-min.jpg 599w, https:\/\/modulco.be\/app\/uploads\/2026\/03\/60d5d7015685d-img-20210420-104633-min-300x234.jpg 300w, https:\/\/modulco.be\/app\/uploads\/2026\/03\/60d5d7015685d-img-20210420-104633-min-103x80.jpg 103w\" sizes=\"auto, (max-width: 599px) 100vw, 599px\" \/><\/div>\n                                            <\/div>\n                <\/div>\n                    <\/div>\n    <\/div>\n<\/section>\n\n\n\n<section class=\"acf-block acf-block-content acf-block-watermark acf-block-watermark-left acf-block-watermark-top\" id=\"block_acf-block_694185808ef57\">\n    <div class=\"container-fluid\">\n        <div class=\"columns__container row\">\n                            \n                <div class=\"content__wrapper col-md-10\">\n                    \n                    <div class=\"content__container\">\n                                                                                    <div class=\"content__body\"><h3><b>Energieprestaties van de modules<\/b><\/h3>\n<p>Wij weten dat de stijgende elektriciteitsprijzen een bron van zorg zijn voor onze klanten. Daarom bieden wij:<\/p>\n<ul>\n<li>\n<p>Huurmodules met versterkte isolatie<\/b>, om uw verbruik voor verwarming en koeling te beperken.<\/p>\n<\/li>\n<li>\n<p>Nieuwe modules met isolatie op maat<\/b>, ontworpen op basis van uw gebruik en comforteisen.<\/p>\n<\/li>\n<\/ul>\n<h3><b>Onze aanpak: eerlijk en concreet<\/b><\/h3>\n<p>Wij beloven geen groene revolutie. Wij werken stap voor stap aan het verbeteren van onze praktijken en het aanbieden van effici\u00ebntere oplossingen. Ons doel is simpel: u begeleiden met modulaire ruimtes die betrouwbaar en performant zijn, en die ontworpen zijn om lang mee te gaan.<\/p>\n<p>&nbsp;<\/p>\n<\/div>\n                                                                        <\/div>\n                <\/div>\n                    <\/div>\n    <\/div>\n<\/section>\n\n\n\n<section class=\"acf-block acf-block-products\" id=\"block_acf-block_6943cc51beddc\">\n    <div class=\"container-fluid\">\n        <div class=\"row\">\n            <div class=\"products__wrapper col-md-12\">\n                                    <form action=\"#\" class=\"product-filters\">\n                        <div class=\"product-filters__categories field-checkbox\">\n                            \n                                                            <div class=\"product-filters__container\">\n                                    <p class=\"product-filters__title h4\">Categories<\/p>\n\n                                    <ul class=\"product-filters__list list-reset\">\n                                                                                    <li class=\"product-filter\">\n                                                <label>\n                                                    <input\n                                                                                                                name=\"p-c[]\"\n                                                        type=\"checkbox\"\n                                                        value=\"97\"\n                                                    >\n                                                    <span class=\"field-option__label\">Sanitair \/ WC \/ Douches \/ Kleedruimtes<\/span>\n                                                <\/label>\n                                            <\/li>\n                                                                            <\/ul>\n                                <\/div>\n                                                    <\/div>\n                    <\/form>\n                \n                <div class=\"products\">\n                    <div class=\"products__container cards row\">\n                                                                                    \n                                <div class=\"product card col-xs-12 col-lg-6 col-xl-4\">\n                                    <div class=\"product__gallery\">\n                                        <div class=\"splide card__container\">\n                                            <div class=\"splide__track\">\n                                                <ul class=\"splide__list list-reset\">\n                                                                                                                                                                        <li class=\"splide__slide\">\n                                                                <img loading=\"lazy\" decoding=\"async\" width=\"320\" height=\"200\" src=\"https:\/\/modulco.be\/app\/uploads\/2026\/03\/Occasion-vestiaire-2-320x200.jpg\" class=\"attachment-slide size-slide\" alt=\"\" \/>                                                            <\/li>\n                                                                                                                    <li class=\"splide__slide\">\n                                                                <img loading=\"lazy\" decoding=\"async\" width=\"320\" height=\"200\" src=\"https:\/\/modulco.be\/app\/uploads\/2026\/03\/Occasion-vestiaire-1-320x200.jpg\" class=\"attachment-slide size-slide\" alt=\"\" \/>                                                            <\/li>\n                                                                                                                                                            <\/ul>\n                                            <\/div>\n\n                                            <div class=\"splide__tools\">\n                                                \n<div class=\"splide__arrows\">\n    <button\n        aria-label=\"Previous slide\"\n        class=\"splide__arrow splide__arrow--prev\"\n        type=\"button\"\n    >\n        <svg xmlns=\"http:\/\/www.w3.org\/2000\/svg\" viewBox=\"0 0 320 512\"><path d=\"M310.6 233.4c12.5 12.5 12.5 32.8 0 45.3l-192 192c-12.5 12.5-32.8 12.5-45.3 0s-12.5-32.8 0-45.3L242.7 256 73.4 86.6c-12.5-12.5-12.5-32.8 0-45.3s32.8-12.5 45.3 0l192 192z\"\/><\/svg>    <\/button>\n\n    <button\n        aria-label=\"Next slide\"\n        class=\"splide__arrow splide__arrow--next\"\n        type=\"button\"\n    >\n        <svg xmlns=\"http:\/\/www.w3.org\/2000\/svg\" viewBox=\"0 0 320 512\"><path d=\"M310.6 233.4c12.5 12.5 12.5 32.8 0 45.3l-192 192c-12.5 12.5-32.8 12.5-45.3 0s-12.5-32.8 0-45.3L242.7 256 73.4 86.6c-12.5-12.5-12.5-32.8 0-45.3s32.8-12.5 45.3 0l192 192z\"\/><\/svg>    <\/button>\n<\/div>\n                                            <\/div>\n                                        <\/div>\n\n                                        <div class=\"product__info\">\n                                            <p class=\"product__info--title\">Gebruikt: Modulaire kleedkamerunit van circa 600 x 300 cm met 3 wastafels || \u20ac 8500,00 ||<\/p>\n\n                                                                                            <p class=\"product__info--sizes\">\n                                                    600 cm                                                    x 300 cm                                                    &#8211; 18,00 m\u00b2                                                <\/p>\n                                                                                    <\/div>\n                                    <\/div>\n\n                                    <div class=\"product__links\">\n                                        <a class=\"product__link\" href=\"https:\/\/modulco.be\/nl\/product\/gebruikt-modulaire-kleedkamerunit-van-circa-600-x-300-cm-met-3-wastafels-e-850000\/\">\n                                            <svg xmlns=\"http:\/\/www.w3.org\/2000\/svg\" viewBox=\"0 0 512 512\">\n  <path d=\"M256 32a224 224 0 1 1 0 448 224 224 0 1 1 0-448zm0 480A256 256 0 1 0 256 0a256 256 0 1 0 0 512zM208 352c-8.8 0-16 7.2-16 16s7.2 16 16 16l96 0c8.8 0 16-7.2 16-16s-7.2-16-16-16l-32 0 0-112c0-8.8-7.2-16-16-16l-40 0c-8.8 0-16 7.2-16 16s7.2 16 16 16l24 0 0 96-32 0zm48-168a24 24 0 1 0 0-48 24 24 0 1 0 0 48z\"\/>\n<\/svg>                                            More info                                        <\/a>\n\n                                                                                                                                    <span class=\"product__second-hand--price\">\u20ac\u00a08.500,00<\/span>\n                                                                                                                        <\/div>\n                                <\/div>\n                                                            \n                                <div class=\"product card col-xs-12 col-lg-6 col-xl-4\">\n                                    <div class=\"product__gallery\">\n                                        <div class=\"splide card__container\">\n                                            <div class=\"splide__track\">\n                                                <ul class=\"splide__list list-reset\">\n                                                                                                                                                                        <li class=\"splide__slide\">\n                                                                <img loading=\"lazy\" decoding=\"async\" width=\"320\" height=\"200\" src=\"https:\/\/modulco.be\/app\/uploads\/2025\/11\/IMG-6511-ConvertImage-320x200.jpg\" class=\"attachment-slide size-slide\" alt=\"\" \/>                                                            <\/li>\n                                                                                                                    <li class=\"splide__slide\">\n                                                                <img loading=\"lazy\" decoding=\"async\" width=\"320\" height=\"200\" src=\"https:\/\/modulco.be\/app\/uploads\/2025\/11\/IMG-6507-320x200.jpg\" class=\"attachment-slide size-slide\" alt=\"\" \/>                                                            <\/li>\n                                                                                                                                                            <\/ul>\n                                            <\/div>\n\n                                            <div class=\"splide__tools\">\n                                                \n<div class=\"splide__arrows\">\n    <button\n        aria-label=\"Previous slide\"\n        class=\"splide__arrow splide__arrow--prev\"\n        type=\"button\"\n    >\n        <svg xmlns=\"http:\/\/www.w3.org\/2000\/svg\" viewBox=\"0 0 320 512\"><path d=\"M310.6 233.4c12.5 12.5 12.5 32.8 0 45.3l-192 192c-12.5 12.5-32.8 12.5-45.3 0s-12.5-32.8 0-45.3L242.7 256 73.4 86.6c-12.5-12.5-12.5-32.8 0-45.3s32.8-12.5 45.3 0l192 192z\"\/><\/svg>    <\/button>\n\n    <button\n        aria-label=\"Next slide\"\n        class=\"splide__arrow splide__arrow--next\"\n        type=\"button\"\n    >\n        <svg xmlns=\"http:\/\/www.w3.org\/2000\/svg\" viewBox=\"0 0 320 512\"><path d=\"M310.6 233.4c12.5 12.5 12.5 32.8 0 45.3l-192 192c-12.5 12.5-32.8 12.5-45.3 0s-12.5-32.8 0-45.3L242.7 256 73.4 86.6c-12.5-12.5-12.5-32.8 0-45.3s32.8-12.5 45.3 0l192 192z\"\/><\/svg>    <\/button>\n<\/div>\n                                            <\/div>\n                                        <\/div>\n\n                                        <div class=\"product__info\">\n                                            <p class=\"product__info--title\">Gebruikt: Bouwtrailer, circa 300 cm x 210 cm || \u20ac 2600,00 ||<\/p>\n\n                                                                                            <p class=\"product__info--sizes\">\n                                                    300 cm                                                    x 210 cm                                                    &#8211; 5,30 m\u00b2                                                <\/p>\n                                                                                    <\/div>\n                                    <\/div>\n\n                                    <div class=\"product__links\">\n                                        <a class=\"product__link\" href=\"https:\/\/modulco.be\/nl\/product\/gebruikt-bouwtrailer-circa-300-cm-x-210-cm-e-260000\/\">\n                                            <svg xmlns=\"http:\/\/www.w3.org\/2000\/svg\" viewBox=\"0 0 512 512\">\n  <path d=\"M256 32a224 224 0 1 1 0 448 224 224 0 1 1 0-448zm0 480A256 256 0 1 0 256 0a256 256 0 1 0 0 512zM208 352c-8.8 0-16 7.2-16 16s7.2 16 16 16l96 0c8.8 0 16-7.2 16-16s-7.2-16-16-16l-32 0 0-112c0-8.8-7.2-16-16-16l-40 0c-8.8 0-16 7.2-16 16s7.2 16 16 16l24 0 0 96-32 0zm48-168a24 24 0 1 0 0-48 24 24 0 1 0 0 48z\"\/>\n<\/svg>                                            More info                                        <\/a>\n\n                                                                                                                                    <span class=\"product__second-hand--price\">\u20ac\u00a02.600,00<\/span>\n                                                                                                                        <\/div>\n                                <\/div>\n                                                            \n                                <div class=\"product card col-xs-12 col-lg-6 col-xl-4\">\n                                    <div class=\"product__gallery\">\n                                        <div class=\"splide card__container\">\n                                            <div class=\"splide__track\">\n                                                <ul class=\"splide__list list-reset\">\n                                                                                                                                                                        <li class=\"splide__slide\">\n                                                                <img loading=\"lazy\" decoding=\"async\" width=\"320\" height=\"200\" src=\"https:\/\/modulco.be\/app\/uploads\/2025\/11\/cover1-320x200.png\" class=\"attachment-slide size-slide\" alt=\"\" \/>                                                            <\/li>\n                                                                                                                    <li class=\"splide__slide\">\n                                                                <img loading=\"lazy\" decoding=\"async\" width=\"320\" height=\"200\" src=\"https:\/\/modulco.be\/app\/uploads\/2025\/11\/cover2-320x200.png\" class=\"attachment-slide size-slide\" alt=\"\" \/>                                                            <\/li>\n                                                                                                                    <li class=\"splide__slide\">\n                                                                <img loading=\"lazy\" decoding=\"async\" width=\"320\" height=\"200\" src=\"https:\/\/modulco.be\/app\/uploads\/2025\/11\/637e0f6b76be0-image-50359553-convertimage-320x200.jpg\" class=\"attachment-slide size-slide\" alt=\"\" \/>                                                            <\/li>\n                                                                                                                    <li class=\"splide__slide\">\n                                                                <img loading=\"lazy\" decoding=\"async\" width=\"320\" height=\"200\" src=\"https:\/\/modulco.be\/app\/uploads\/2025\/11\/637e0f6af1a7e-image-50360321-convertimage-320x200.jpg\" class=\"attachment-slide size-slide\" alt=\"\" \/>                                                            <\/li>\n                                                                                                                    <li class=\"splide__slide\">\n                                                                <img loading=\"lazy\" decoding=\"async\" width=\"320\" height=\"200\" src=\"https:\/\/modulco.be\/app\/uploads\/2025\/11\/637e0f6a76ea7-image-50371073-1-convertimage-320x200.jpg\" class=\"attachment-slide size-slide\" alt=\"\" \/>                                                            <\/li>\n                                                                                                                                                            <\/ul>\n                                            <\/div>\n\n                                            <div class=\"splide__tools\">\n                                                \n<div class=\"splide__arrows\">\n    <button\n        aria-label=\"Previous slide\"\n        class=\"splide__arrow splide__arrow--prev\"\n        type=\"button\"\n    >\n        <svg xmlns=\"http:\/\/www.w3.org\/2000\/svg\" viewBox=\"0 0 320 512\"><path d=\"M310.6 233.4c12.5 12.5 12.5 32.8 0 45.3l-192 192c-12.5 12.5-32.8 12.5-45.3 0s-12.5-32.8 0-45.3L242.7 256 73.4 86.6c-12.5-12.5-12.5-32.8 0-45.3s32.8-12.5 45.3 0l192 192z\"\/><\/svg>    <\/button>\n\n    <button\n        aria-label=\"Next slide\"\n        class=\"splide__arrow splide__arrow--next\"\n        type=\"button\"\n    >\n        <svg xmlns=\"http:\/\/www.w3.org\/2000\/svg\" viewBox=\"0 0 320 512\"><path d=\"M310.6 233.4c12.5 12.5 12.5 32.8 0 45.3l-192 192c-12.5 12.5-32.8 12.5-45.3 0s-12.5-32.8 0-45.3L242.7 256 73.4 86.6c-12.5-12.5-12.5-32.8 0-45.3s32.8-12.5 45.3 0l192 192z\"\/><\/svg>    <\/button>\n<\/div>\n                                            <\/div>\n                                        <\/div>\n\n                                        <div class=\"product__info\">\n                                            <p class=\"product__info--title\">(WC11) 1 WC 5 feet<\/p>\n\n                                                                                            <p class=\"product__info--sizes\">\n                                                    140 cm                                                    x 120 cm                                                    &#8211; 1,70 m\u00b2                                                <\/p>\n                                                                                    <\/div>\n                                    <\/div>\n\n                                    <div class=\"product__links\">\n                                        <a class=\"product__link\" href=\"https:\/\/modulco.be\/nl\/product\/wc11-1-wc-5-feet\/\">\n                                            <svg xmlns=\"http:\/\/www.w3.org\/2000\/svg\" viewBox=\"0 0 512 512\">\n  <path d=\"M256 32a224 224 0 1 1 0 448 224 224 0 1 1 0-448zm0 480A256 256 0 1 0 256 0a256 256 0 1 0 0 512zM208 352c-8.8 0-16 7.2-16 16s7.2 16 16 16l96 0c8.8 0 16-7.2 16-16s-7.2-16-16-16l-32 0 0-112c0-8.8-7.2-16-16-16l-40 0c-8.8 0-16 7.2-16 16s7.2 16 16 16l24 0 0 96-32 0zm48-168a24 24 0 1 0 0-48 24 24 0 1 0 0 48z\"\/>\n<\/svg>                                            More info                                        <\/a>\n\n                                                                            <\/div>\n                                <\/div>\n                                                                        <\/div>\n\n                                    <\/div>\n            <\/div>\n        <\/div>\n    <\/div>\n<\/section>\n\n\n\n<section class=\"acf-block acf-block-content\" id=\"block_acf-block_6943cc51c3beb\">\n    <div class=\"container-fluid\">\n        <div class=\"columns__container row\">\n                            \n                <div class=\"content__wrapper col-md-10\">\n                    \n                    <div class=\"content__container\">\n                                                                                    <div class=\"content__body\"><h2>Ontdek onze containers<\/h2>\n<\/div>\n                                                                        <\/div>\n                <\/div>\n                    <\/div>\n    <\/div>\n<\/section>\n\n\n\n    <section class=\"acf-block acf-block-cta\" id=\"block_acf-block_694185808fbd3\">\n        <div class=\"cta__wrapper\">\n            <div class=\"container-fluid\">\n                <div class=\"cta__content\">\n                    <h3 data-path-to-node=\"1\"><b data-path-to-node=\"1\" data-index-in-node=\"0\">Omdat anders bouwen ook betekent: dagelijks de juiste keuzes maken.<\/b><\/h3>\n<p class=\"h4\" data-path-to-node=\"2\"><b data-path-to-node=\"2\" data-index-in-node=\"0\">Modulco : Flexibel. Betrouwbaar. Verantwoord.<\/b><\/p>\n                <\/div>\n\n                <div class=\"cta__link\">\n                    <a\n                        class=\"btn btn-tertiary\"\n                        href=\"https:\/\/modulco.be\/fr\/contact\/\"\n                                            >\n                        Contacteer ons                    <\/a>\n                <\/div>\n            <\/div>\n        <\/div>\n    <\/section>\n\n\n\n","protected":false},"excerpt":{"rendered":"","protected":false},"author":3,"featured_media":0,"parent":0,"menu_order":0,"comment_status":"closed","ping_status":"closed","template":"","meta":{"_acf_changed":false,"footnotes":""},"class_list":["post-3753","page","type-page","status-publish","hentry"],"acf":[],"_links":{"self":[{"href":"https:\/\/modulco.be\/nl\/wp-json\/wp\/v2\/pages\/3753","targetHints":{"allow":["GET"]}}],"collection":[{"href":"https:\/\/modulco.be\/nl\/wp-json\/wp\/v2\/pages"}],"about":[{"href":"https:\/\/modulco.be\/nl\/wp-json\/wp\/v2\/types\/page"}],"author":[{"embeddable":true,"href":"https:\/\/modulco.be\/nl\/wp-json\/wp\/v2\/users\/3"}],"replies":[{"embeddable":true,"href":"https:\/\/modulco.be\/nl\/wp-json\/wp\/v2\/comments?post=3753"}],"version-history":[{"count":5,"href":"https:\/\/modulco.be\/nl\/wp-json\/wp\/v2\/pages\/3753\/revisions"}],"predecessor-version":[{"id":4102,"href":"https:\/\/modulco.be\/nl\/wp-json\/wp\/v2\/pages\/3753\/revisions\/4102"}],"wp:attachment":[{"href":"https:\/\/modulco.be\/nl\/wp-json\/wp\/v2\/media?parent=3753"}],"curies":[{"name":"wp","href":"https:\/\/api.w.org\/{rel}","templated":true}]}}