{"id":4231,"date":"2026-05-06T09:35:03","date_gmt":"2026-05-06T07:35:03","guid":{"rendered":"https:\/\/modulco.be\/?page_id=4231"},"modified":"2026-05-06T09:36:16","modified_gmt":"2026-05-06T07:36:16","slug":"containers-en-stocks-2","status":"publish","type":"page","link":"https:\/\/modulco.be\/fr\/containers-en-stocks-2\/","title":{"rendered":"Containers en stocks"},"content":{"rendered":"\n<section class=\"acf-block acf-block-content acf-block-first acf-block-watermark acf-block-watermark-left acf-block-watermark-top\" id=\"block_acf-block_68dbc4114ceaf\">\n    <div class=\"container-fluid\">\n        <div class=\"columns__container row\">\n                            \n                <div class=\"content__wrapper col-md-10\">\n                    \n                    <div class=\"content__container\">\n                                                                                    <div class=\"content__body\"><h1>Containers en stocks<\/h1>\n<p>&nbsp;<\/p>\n<\/div>\n                                                                        <\/div>\n                <\/div>\n                    <\/div>\n    <\/div>\n<\/section>\n\n\n\n<section class=\"acf-block acf-block-content acf-block-watermark acf-block-watermark-right acf-block-watermark-top\" id=\"block_acf-block_691de1a0457e2\">\n    <div class=\"container-fluid\">\n        <div class=\"columns__container row\">\n                            \n                <div class=\"content__wrapper col-md-10\">\n                    \n                    <div class=\"content__container\">\n                                                                                    <div class=\"content__body\"><h2 class=\"m-b-30\" style=\"text-align: left;\">Int\u00e9ress\u00e9 par un module en stock ?<\/h2>\n<p style=\"text-align: left;\">Nous vous invitons \u00e0\u00a0<a href=\"https:\/\/modulco.be\/fr\/contactez-nous\">nous contacter<\/a>, n&#8217;h\u00e9sitez donc pas \u00e0\u00a0<a href=\"https:\/\/modulco.be\/fr\/contactez-nous\">nous communiquer vos demandes<\/a>.<\/p>\n<p>&nbsp;<\/p>\n<p><strong>Tous les prix de vente mentionn\u00e9s dans cette rubrique sont hors tva (21%) et hors frais de livraison.<\/strong><br \/>\nTous les modules sont propos\u00e9s sous r\u00e9serve de disponibilit\u00e9 au moment de la commande.<\/p>\n<\/div>\n                                                                        <\/div>\n                <\/div>\n                    <\/div>\n    <\/div>\n<\/section>\n\n\n\n<section class=\"acf-block acf-block-content acf-block-last\" id=\"block_acf-block_691ef0c70d2c3\">\n    <div class=\"container-fluid\">\n        <div class=\"columns__container row\">\n                            \n                <div class=\"content__wrapper col-md-10\">\n                    \n                    <div class=\"content__container\">\n                                                                                                <\/div>\n                <\/div>\n                    <\/div>\n    <\/div>\n<\/section>\n","protected":false},"excerpt":{"rendered":"","protected":false},"author":3,"featured_media":0,"parent":0,"menu_order":0,"comment_status":"closed","ping_status":"closed","template":"","meta":{"_acf_changed":false,"footnotes":""},"class_list":["post-4231","page","type-page","status-publish","hentry"],"acf":[],"_links":{"self":[{"href":"https:\/\/modulco.be\/fr\/wp-json\/wp\/v2\/pages\/4231","targetHints":{"allow":["GET"]}}],"collection":[{"href":"https:\/\/modulco.be\/fr\/wp-json\/wp\/v2\/pages"}],"about":[{"href":"https:\/\/modulco.be\/fr\/wp-json\/wp\/v2\/types\/page"}],"author":[{"embeddable":true,"href":"https:\/\/modulco.be\/fr\/wp-json\/wp\/v2\/users\/3"}],"replies":[{"embeddable":true,"href":"https:\/\/modulco.be\/fr\/wp-json\/wp\/v2\/comments?post=4231"}],"version-history":[{"count":2,"href":"https:\/\/modulco.be\/fr\/wp-json\/wp\/v2\/pages\/4231\/revisions"}],"predecessor-version":[{"id":4235,"href":"https:\/\/modulco.be\/fr\/wp-json\/wp\/v2\/pages\/4231\/revisions\/4235"}],"wp:attachment":[{"href":"https:\/\/modulco.be\/fr\/wp-json\/wp\/v2\/media?parent=4231"}],"curies":[{"name":"wp","href":"https:\/\/api.w.org\/{rel}","templated":true}]}}