{"id":383,"date":"2025-07-04T08:57:39","date_gmt":"2025-07-04T06:57:39","guid":{"rendered":"https:\/\/modulco.be\/?page_id=383"},"modified":"2026-05-08T16:03:33","modified_gmt":"2026-05-08T14:03:33","slug":"gammes","status":"publish","type":"page","link":"https:\/\/modulco.be\/fr\/gammes\/","title":{"rendered":"Gammes"},"content":{"rendered":"\n<section class=\"acf-block acf-block-content acf-block-first\" id=\"block_acf-block_6970cedabbe64\">\n    <div class=\"container-fluid\">\n        <div class=\"columns__container row\">\n                            \n                <div class=\"content__wrapper\">\n                    \n                    <div class=\"content__container\">\n                                                                                    <div class=\"content__body\"><h1>Notre gamme de conteneur<\/h1>\n<p>Nos modules r\u00e9pondent \u00e0 diff\u00e9rents usages avec des niveaux d&#8217;isolation et de performance adapt\u00e9s. Bureaux, salles de classe, \u00e9v\u00e9nementiel, industrie : d\u00e9couvrez nos solutions.<\/p>\n<\/div>\n                                                                        <\/div>\n                <\/div>\n                    <\/div>\n    <\/div>\n<\/section>\n\n\n\n    <section class=\"acf-block acf-block-ranges acf-block-last\" id=\"block_acf-block_696a11d5c115d\">\n        <div class=\"splide ranges cards\">\n            <div class=\"container-fluid\">\n                <div class=\"tabs__container\">\n                                            <ul class=\"list-reset range__tabs\">\n                            <li class=\"range__tab\">\n                                <label class=\"range\">\n                                    <input\n                                        autocomplete=\"off\"\n                                        checked\n                                        name=\"range\"\n                                        type=\"radio\"\n                                        value=\"*\"\n                                    >\n                                    <span class=\"range__label\">Tout<\/span>\n                                <\/label>\n                            <\/li>\n\n                                                            <li class=\"range__tab\">\n                                    <label class=\"range\">\n                                        <input\n                                            autocomplete=\"off\"\n                                            name=\"range\"\n                                            type=\"radio\"\n                                            value=\"19\"\n                                        >\n                                        <span class=\"range__label\">BE100<\/span>\n                                    <\/label>\n                                <\/li>\n                                                            <li class=\"range__tab\">\n                                    <label class=\"range\">\n                                        <input\n                                            autocomplete=\"off\"\n                                            name=\"range\"\n                                            type=\"radio\"\n                                            value=\"21\"\n                                        >\n                                        <span class=\"range__label\">Standard BE60<\/span>\n                                    <\/label>\n                                <\/li>\n                                                            <li class=\"range__tab\">\n                                    <label class=\"range\">\n                                        <input\n                                            autocomplete=\"off\"\n                                            name=\"range\"\n                                            type=\"radio\"\n                                            value=\"18\"\n                                        >\n                                        <span class=\"range__label\">Premium<\/span>\n                                    <\/label>\n                                <\/li>\n                                                            <li class=\"range__tab\">\n                                    <label class=\"range\">\n                                        <input\n                                            autocomplete=\"off\"\n                                            name=\"range\"\n                                            type=\"radio\"\n                                            value=\"20\"\n                                        >\n                                        <span class=\"range__label\">Maritime<\/span>\n                                    <\/label>\n                                <\/li>\n                                                    <\/ul>\n                    \n                    <div class=\"splide__tools\">\n                        \n<div class=\"splide__arrows\">\n    <button\n        aria-label=\"Diapositive pr\u00e9c\u00e9dente\"\n        class=\"splide__arrow splide__arrow--prev\"\n        type=\"button\"\n    >\n        <svg xmlns=\"http:\/\/www.w3.org\/2000\/svg\" viewBox=\"0 0 320 512\"><path d=\"M310.6 233.4c12.5 12.5 12.5 32.8 0 45.3l-192 192c-12.5 12.5-32.8 12.5-45.3 0s-12.5-32.8 0-45.3L242.7 256 73.4 86.6c-12.5-12.5-12.5-32.8 0-45.3s32.8-12.5 45.3 0l192 192z\"\/><\/svg>    <\/button>\n\n    <button\n        aria-label=\"Diapositive suivante\"\n        class=\"splide__arrow splide__arrow--next\"\n        type=\"button\"\n    >\n        <svg xmlns=\"http:\/\/www.w3.org\/2000\/svg\" viewBox=\"0 0 320 512\"><path d=\"M310.6 233.4c12.5 12.5 12.5 32.8 0 45.3l-192 192c-12.5 12.5-32.8 12.5-45.3 0s-12.5-32.8 0-45.3L242.7 256 73.4 86.6c-12.5-12.5-12.5-32.8 0-45.3s32.8-12.5 45.3 0l192 192z\"\/><\/svg>    <\/button>\n<\/div>\n                    <\/div>\n                <\/div>\n            <\/div>\n\n            <div class=\"splide__track\">\n                <ul class=\"splide__list list-reset\">\n                                            \n                        <li class=\"splide__slide item\" data-range-ids=\"21\">\n                            \n    <div class=\"item__image item__image--default\">\n        <a aria-label=\"Voir la gamme de produits \"Containers en stocks\"\" href=\"https:\/\/modulco.be\/fr\/categorie-produit\/containers-en-stocks\/\"><img loading=\"lazy\" decoding=\"async\" width=\"220\" height=\"55\" src=\"https:\/\/modulco.be\/app\/uploads\/2025\/07\/logo.png\" class=\"attachment-slide size-slide\" alt=\"\" srcset=\"https:\/\/modulco.be\/app\/uploads\/2025\/07\/logo.png 220w, https:\/\/modulco.be\/app\/uploads\/2025\/07\/logo-180x45.png 180w\" sizes=\"auto, (max-width: 220px) 100vw, 220px\" \/><\/a>    <\/div>\n\n<div class=\"item__container\">\n    <p class=\"item__date\">\n            <\/p>\n\n            <p class=\"item__title h5\">\n            <a aria-label=\"Voir la gamme de produits \"Containers en stocks\"\" href=\"https:\/\/modulco.be\/fr\/categorie-produit\/containers-en-stocks\/\">Containers en stocks<\/a>        <\/p>\n    \n    \n    <\/div>\n                        <\/li>\n                                            \n                        <li class=\"splide__slide item\" data-range-ids=\"19-21-18\">\n                            \n    <div class=\"item__image\">\n        <a aria-label=\"Voir la gamme de produits \"Bureaux\"\" href=\"https:\/\/modulco.be\/fr\/categorie-produit\/bureaux\/\"><img loading=\"lazy\" decoding=\"async\" width=\"320\" height=\"200\" src=\"https:\/\/modulco.be\/app\/uploads\/2026\/02\/20250430_125728-320x200.jpg\" class=\"attachment-slide size-slide\" alt=\"\" \/><\/a>    <\/div>\n\n<div class=\"item__container\">\n    <p class=\"item__date\">\n            <\/p>\n\n            <p class=\"item__title h5\">\n            <a aria-label=\"Voir la gamme de produits \"Bureaux\"\" href=\"https:\/\/modulco.be\/fr\/categorie-produit\/bureaux\/\">Bureaux<\/a>        <\/p>\n    \n            <div class=\"item__content\">\n            <a aria-label=\"Voir la gamme de produits \"Bureaux\"\" href=\"https:\/\/modulco.be\/fr\/categorie-produit\/bureaux\/\">Bureaux individuels, open- spaces, salle de r\u00e9union avec coin cuisine, r\u00e9fectoire, sanitaires, etc.<\/a>        <\/div>\n    \n    <\/div>\n                        <\/li>\n                                            \n                        <li class=\"splide__slide item\" data-range-ids=\"19-21\">\n                            \n    <div class=\"item__image\">\n        <a aria-label=\"Voir la gamme de produits \"Scolaire\"\" href=\"https:\/\/modulco.be\/fr\/categorie-produit\/scolaire\/\"><img loading=\"lazy\" decoding=\"async\" width=\"320\" height=\"200\" src=\"https:\/\/modulco.be\/app\/uploads\/2026\/02\/classe-modulable-320x200.jpg\" class=\"attachment-slide size-slide\" alt=\"\" \/><\/a>    <\/div>\n\n<div class=\"item__container\">\n    <p class=\"item__date\">\n            <\/p>\n\n            <p class=\"item__title h5\">\n            <a aria-label=\"Voir la gamme de produits \"Scolaire\"\" href=\"https:\/\/modulco.be\/fr\/categorie-produit\/scolaire\/\">Scolaire<\/a>        <\/p>\n    \n            <div class=\"item__content\">\n            <a aria-label=\"Voir la gamme de produits \"Scolaire\"\" href=\"https:\/\/modulco.be\/fr\/categorie-produit\/scolaire\/\">Nos modules de salles de classe (36 m\u00b2, 54 m\u00b2, 72 m\u00b2) s\u2019assemblent et se superposent pour cr\u00e9er des espaces sur mesure, adapt\u00e9s \u00e0 vos besoins. \r\n<\/a>        <\/div>\n    \n    <\/div>\n                        <\/li>\n                                            \n                        <li class=\"splide__slide item\" data-range-ids=\"21\">\n                            \n    <div class=\"item__image\">\n        <a aria-label=\"Voir la gamme de produits \"Construction\"\" href=\"https:\/\/modulco.be\/fr\/categorie-produit\/construction\/\"><img loading=\"lazy\" decoding=\"async\" width=\"320\" height=\"200\" src=\"https:\/\/modulco.be\/app\/uploads\/2025\/12\/5dd66e5d63cc0-greenblock-6024-face-1-320x200.jpg\" class=\"attachment-slide size-slide\" alt=\"\" \/><\/a>    <\/div>\n\n<div class=\"item__container\">\n    <p class=\"item__date\">\n            <\/p>\n\n            <p class=\"item__title h5\">\n            <a aria-label=\"Voir la gamme de produits \"Construction\"\" href=\"https:\/\/modulco.be\/fr\/categorie-produit\/construction\/\">Construction<\/a>        <\/p>\n    \n            <div class=\"item__content\">\n            <a aria-label=\"Voir la gamme de produits \"Construction\"\" href=\"https:\/\/modulco.be\/fr\/categorie-produit\/construction\/\">Conteneurs de chantier adapt\u00e9s aux sp\u00e9cificit\u00e9s de vos projets de construction.<\/a>        <\/div>\n    \n    <\/div>\n                        <\/li>\n                                            \n                        <li class=\"splide__slide item\" data-range-ids=\"21-18\">\n                            \n    <div class=\"item__image\">\n        <a aria-label=\"Voir la gamme de produits \"Commercial\"\" href=\"https:\/\/modulco.be\/fr\/categorie-produit\/commercial\/\"><img loading=\"lazy\" decoding=\"async\" width=\"320\" height=\"200\" src=\"https:\/\/modulco.be\/app\/uploads\/2026\/02\/60d5d7018ec27-img-20210420-104917-min-320x200.jpg\" class=\"attachment-slide size-slide\" alt=\"Container modulable pour le bureau\" \/><\/a>    <\/div>\n\n<div class=\"item__container\">\n    <p class=\"item__date\">\n            <\/p>\n\n            <p class=\"item__title h5\">\n            <a aria-label=\"Voir la gamme de produits \"Commercial\"\" href=\"https:\/\/modulco.be\/fr\/categorie-produit\/commercial\/\">Commercial<\/a>        <\/p>\n    \n            <div class=\"item__content\">\n            <a aria-label=\"Voir la gamme de produits \"Commercial\"\" href=\"https:\/\/modulco.be\/fr\/categorie-produit\/commercial\/\">Container &amp; modules pour commerces personnalisables et am\u00e9nageables selon votre cahier des charges.<\/a>        <\/div>\n    \n    <\/div>\n                        <\/li>\n                                            \n                        <li class=\"splide__slide item\" data-range-ids=\"19-21-18\">\n                            \n    <div class=\"item__image\">\n        <a aria-label=\"Voir la gamme de produits \"Industrie\"\" href=\"https:\/\/modulco.be\/fr\/categorie-produit\/industrie\/\"><img loading=\"lazy\" decoding=\"async\" width=\"320\" height=\"200\" src=\"https:\/\/modulco.be\/app\/uploads\/2026\/03\/20251114_113208-320x200.jpg\" class=\"attachment-slide size-slide\" alt=\"\" \/><\/a>    <\/div>\n\n<div class=\"item__container\">\n    <p class=\"item__date\">\n            <\/p>\n\n            <p class=\"item__title h5\">\n            <a aria-label=\"Voir la gamme de produits \"Industrie\"\" href=\"https:\/\/modulco.be\/fr\/categorie-produit\/industrie\/\">Industrie<\/a>        <\/p>\n    \n            <div class=\"item__content\">\n            <a aria-label=\"Voir la gamme de produits \"Industrie\"\" href=\"https:\/\/modulco.be\/fr\/categorie-produit\/industrie\/\">Containers industriels sur mesure pour r\u00e9pondre aux exigences techniques des secteurs les plus pointus<\/a>        <\/div>\n    \n    <\/div>\n                        <\/li>\n                                            \n                        <li class=\"splide__slide item\" data-range-ids=\"21-18\">\n                            \n    <div class=\"item__image\">\n        <a aria-label=\"Voir la gamme de produits \"\u00c9v\u00e9nementiel\"\" href=\"https:\/\/modulco.be\/fr\/categorie-produit\/evenementiel\/\"><img loading=\"lazy\" decoding=\"async\" width=\"320\" height=\"200\" src=\"https:\/\/modulco.be\/app\/uploads\/2026\/02\/container-modulable-pour-evenement-320x200.jpg\" class=\"attachment-slide size-slide\" alt=\"container modulable pour \u00e9v\u00e8nement\" \/><\/a>    <\/div>\n\n<div class=\"item__container\">\n    <p class=\"item__date\">\n            <\/p>\n\n            <p class=\"item__title h5\">\n            <a aria-label=\"Voir la gamme de produits \"\u00c9v\u00e9nementiel\"\" href=\"https:\/\/modulco.be\/fr\/categorie-produit\/evenementiel\/\">\u00c9v\u00e9nementiel<\/a>        <\/p>\n    \n            <div class=\"item__content\">\n            <a aria-label=\"Voir la gamme de produits \"\u00c9v\u00e9nementiel\"\" href=\"https:\/\/modulco.be\/fr\/categorie-produit\/evenementiel\/\">Vous avez besoin d\u2019infrastructures modulaires temporaires dans le cadre de concerts, festivals foires , expositions ou autres \u00e9v\u00e9nements que vous organisez ou dans le cadre de la surveillance de vos b\u00e2timents ambassades, parkings ?<\/a>        <\/div>\n    \n    <\/div>\n                        <\/li>\n                                            \n                        <li class=\"splide__slide item\" data-range-ids=\"19-21-18\">\n                            \n    <div class=\"item__image\">\n        <a aria-label=\"Voir la gamme de produits \"Sanitaires \/ WC \/ Douches \/ Vestiaires\"\" href=\"https:\/\/modulco.be\/fr\/categorie-produit\/sanitaires-wc\/\"><img loading=\"lazy\" decoding=\"async\" width=\"320\" height=\"200\" src=\"https:\/\/modulco.be\/app\/uploads\/2025\/11\/629768b395994-img-3536-convertimage-320x200.jpg\" class=\"attachment-slide size-slide\" alt=\"\" \/><\/a>    <\/div>\n\n<div class=\"item__container\">\n    <p class=\"item__date\">\n            <\/p>\n\n            <p class=\"item__title h5\">\n            <a aria-label=\"Voir la gamme de produits \"Sanitaires \/ WC \/ Douches \/ Vestiaires\"\" href=\"https:\/\/modulco.be\/fr\/categorie-produit\/sanitaires-wc\/\">Sanitaires \/ WC \/ Douches \/ Vestiaires<\/a>        <\/p>\n    \n            <div class=\"item__content\">\n            <a aria-label=\"Voir la gamme de produits \"Sanitaires \/ WC \/ Douches \/ Vestiaires\"\" href=\"https:\/\/modulco.be\/fr\/categorie-produit\/sanitaires-wc\/\">\u00c9quipez vos chantiers et \u00e9v\u00e9nements de modules sanitaires raccordables (WC, douches, vestiaires) pour un confort identique au r\u00e9seau fixe.<\/a>        <\/div>\n    \n    <\/div>\n                        <\/li>\n                                            \n                        <li class=\"splide__slide item\" data-range-ids=\"20\">\n                            \n    <div class=\"item__image\">\n        <a aria-label=\"Voir la gamme de produits \"Atelier\"\" href=\"https:\/\/modulco.be\/fr\/categorie-produit\/atelier\/\"><img loading=\"lazy\" decoding=\"async\" width=\"320\" height=\"200\" src=\"https:\/\/modulco.be\/app\/uploads\/2025\/12\/6554d0dde47a0-634197294454896000-removebg-preview-1-320x200.png\" class=\"attachment-slide size-slide\" alt=\"\" \/><\/a>    <\/div>\n\n<div class=\"item__container\">\n    <p class=\"item__date\">\n            <\/p>\n\n            <p class=\"item__title h5\">\n            <a aria-label=\"Voir la gamme de produits \"Atelier\"\" href=\"https:\/\/modulco.be\/fr\/categorie-produit\/atelier\/\">Atelier<\/a>        <\/p>\n    \n            <div class=\"item__content\">\n            <a aria-label=\"Voir la gamme de produits \"Atelier\"\" href=\"https:\/\/modulco.be\/fr\/categorie-produit\/atelier\/\">Conteneurs am\u00e9nag\u00e9s en atelier personnalisables, robustes et s\u00e9curis\u00e9s pour vos besoins sur chantier.<\/a>        <\/div>\n    \n    <\/div>\n                        <\/li>\n                                            \n                        <li class=\"splide__slide item\" data-range-ids=\"20\">\n                            \n    <div class=\"item__image\">\n        <a aria-label=\"Voir la gamme de produits \"Stockage\"\" href=\"https:\/\/modulco.be\/fr\/categorie-produit\/stockage\/\"><img loading=\"lazy\" decoding=\"async\" width=\"320\" height=\"200\" src=\"https:\/\/modulco.be\/app\/uploads\/2026\/02\/container-de-stockage-320x200.jpg\" class=\"attachment-slide size-slide\" alt=\"container de stockage\" \/><\/a>    <\/div>\n\n<div class=\"item__container\">\n    <p class=\"item__date\">\n            <\/p>\n\n            <p class=\"item__title h5\">\n            <a aria-label=\"Voir la gamme de produits \"Stockage\"\" href=\"https:\/\/modulco.be\/fr\/categorie-produit\/stockage\/\">Stockage<\/a>        <\/p>\n    \n            <div class=\"item__content\">\n            <a aria-label=\"Voir la gamme de produits \"Stockage\"\" href=\"https:\/\/modulco.be\/fr\/categorie-produit\/stockage\/\">Vous voulez stocker votre mat\u00e9riel en toute s\u00e9curit\u00e9 ou disposer d&#8217;un atelier pour effectuer vos travaux ?<\/a>        <\/div>\n    \n    <\/div>\n                        <\/li>\n                                            \n                        <li class=\"splide__slide item\" data-range-ids=\"19-21-18\">\n                            \n    <div class=\"item__image item__image--default\">\n        <a aria-label=\"Voir la gamme de produits \"Sur mesure\"\" href=\"https:\/\/modulco.be\/fr\/categorie-produit\/sur-mesure\/\"><img loading=\"lazy\" decoding=\"async\" width=\"220\" height=\"55\" src=\"https:\/\/modulco.be\/app\/uploads\/2025\/07\/logo.png\" class=\"attachment-slide size-slide\" alt=\"\" srcset=\"https:\/\/modulco.be\/app\/uploads\/2025\/07\/logo.png 220w, https:\/\/modulco.be\/app\/uploads\/2025\/07\/logo-180x45.png 180w\" sizes=\"auto, (max-width: 220px) 100vw, 220px\" \/><\/a>    <\/div>\n\n<div class=\"item__container\">\n    <p class=\"item__date\">\n            <\/p>\n\n            <p class=\"item__title h5\">\n            <a aria-label=\"Voir la gamme de produits \"Sur mesure\"\" href=\"https:\/\/modulco.be\/fr\/categorie-produit\/sur-mesure\/\">Sur mesure<\/a>        <\/p>\n    \n            <div class=\"item__content\">\n            <a aria-label=\"Voir la gamme de produits \"Sur mesure\"\" href=\"https:\/\/modulco.be\/fr\/categorie-produit\/sur-mesure\/\">Containers am\u00e9nag\u00e9s sur-mesure pour professionnels : bureaux, restauration, habitat.<\/a>        <\/div>\n    \n    <\/div>\n                        <\/li>\n                                    <\/ul>\n            <\/div>\n\n            <div class=\"splide__tools splide__tools--scroll\">\n                <div class=\"container-fluid\">\n                    <div class=\"splide__progress splide__progress--scrollable\">\n                        <div class=\"splide__progress-bar\"><\/div>\n                    <\/div>\n                <\/div>\n            <\/div>\n\n                    <\/div>\n    <\/section>\n","protected":false},"excerpt":{"rendered":"","protected":false},"author":1,"featured_media":0,"parent":0,"menu_order":0,"comment_status":"closed","ping_status":"closed","template":"","meta":{"_acf_changed":false,"footnotes":""},"class_list":["post-383","page","type-page","status-publish","hentry"],"acf":[],"_links":{"self":[{"href":"https:\/\/modulco.be\/fr\/wp-json\/wp\/v2\/pages\/383","targetHints":{"allow":["GET"]}}],"collection":[{"href":"https:\/\/modulco.be\/fr\/wp-json\/wp\/v2\/pages"}],"about":[{"href":"https:\/\/modulco.be\/fr\/wp-json\/wp\/v2\/types\/page"}],"author":[{"embeddable":true,"href":"https:\/\/modulco.be\/fr\/wp-json\/wp\/v2\/users\/1"}],"replies":[{"embeddable":true,"href":"https:\/\/modulco.be\/fr\/wp-json\/wp\/v2\/comments?post=383"}],"version-history":[{"count":7,"href":"https:\/\/modulco.be\/fr\/wp-json\/wp\/v2\/pages\/383\/revisions"}],"predecessor-version":[{"id":3946,"href":"https:\/\/modulco.be\/fr\/wp-json\/wp\/v2\/pages\/383\/revisions\/3946"}],"wp:attachment":[{"href":"https:\/\/modulco.be\/fr\/wp-json\/wp\/v2\/media?parent=383"}],"curies":[{"name":"wp","href":"https:\/\/api.w.org\/{rel}","templated":true}]}}