{"id":346,"date":"2025-07-04T08:42:25","date_gmt":"2025-07-04T06:42:25","guid":{"rendered":"https:\/\/modulco.be\/?page_id=346"},"modified":"2026-04-03T14:19:15","modified_gmt":"2026-04-03T12:19:15","slug":"cookies","status":"publish","type":"page","link":"https:\/\/modulco.be\/fr\/cookies\/","title":{"rendered":"Cookies"},"content":{"rendered":"\n<section class=\"acf-block acf-block-content acf-block-first acf-block-last\" id=\"block_acf-block_698305795685c\">\n    <div class=\"container-fluid\">\n        <div class=\"columns__container row\">\n                            \n                <div class=\"content__wrapper col-md-10\">\n                    \n                    <div class=\"content__container\">\n                                                                                    <div class=\"content__body\"><h1><strong>Cookie policy<\/strong><\/h1>\n<p>Le site WWW.MODULCO.BE est une initiative de :<\/p>\n<p>MODULCO \u2013 Route du Grand-Peuplier 16 7110 Str\u00e9py-Bracquegnies \u2013 Belgique<br \/>\nT\u00e9l. : +32 (0)64 54 94 09<br \/>\nE-mail : info@modulco.be \u2013 BE 0526.899.743<\/p>\n<p>Cette politique en mati\u00e8re de cookies d\u00e9crit les cookies utilis\u00e9s sur le site web MODULCO.BE (\u00ab\u00a0notre site web\u00a0\u00bb) et explique pourquoi nous utilisons ces cookies. En continuant \u00e0 utiliser notre site web, vous acceptez l\u2019utilisation des cookies telle que d\u00e9crite dans cette politique.<\/p>\n<p><strong>Qu&#8217;est-ce que les cookies ?<\/strong><\/p>\n<p>Les cookies sont de petits fichiers texte plac\u00e9s sur votre ordinateur ou appareil mobile lorsque vous visitez un site web. Ils sont largement utilis\u00e9s pour permettre aux sites web de fonctionner correctement, de mani\u00e8re plus efficace, et de fournir des informations aux propri\u00e9taires des sites web.<\/p>\n<p><strong>Quels cookies utilisons-nous et pourquoi ?<\/strong><\/p>\n<p><strong>Cookies strictement n\u00e9cessaires<\/strong><\/p>\n<p>Ces cookies sont essentiels au bon fonctionnement de notre site web et vous permettent de naviguer entre les diff\u00e9rentes pages et d\u2019utiliser les fonctionnalit\u00e9s. Ils ne stockent aucune information permettant de vous identifier personnellement.<\/p>\n<p><strong>Cookies de performance<\/strong><\/p>\n<p>Ces cookies recueillent des informations sur la mani\u00e8re dont les visiteurs utilisent notre site web, par exemple les pages les plus visit\u00e9es ou la pr\u00e9sence de messages d\u2019erreur. Ces cookies nous aident \u00e0 comprendre comment am\u00e9liorer les performances de notre site web et \u00e0 offrir une meilleure exp\u00e9rience utilisateur.<\/p>\n<p><strong>Cookies de fonctionnalit\u00e9<\/strong><\/p>\n<p>Ces cookies permettent \u00e0 notre site web de se souvenir des choix que vous faites (comme votre nom d\u2019utilisateur, vos pr\u00e9f\u00e9rences linguistiques ou votre r\u00e9gion) et de vous offrir des fonctionnalit\u00e9s am\u00e9lior\u00e9es et plus personnalis\u00e9es. Ils peuvent \u00e9galement \u00eatre utilis\u00e9s pour fournir les services que vous avez demand\u00e9s, comme visionner une vid\u00e9o ou poster des commentaires.<\/p>\n<p><strong>Cookies de ciblage ou de publicit\u00e9<\/strong><\/p>\n<p>Ces cookies sont utilis\u00e9s pour rendre les publicit\u00e9s plus pertinentes pour vous et vos int\u00e9r\u00eats. Ils servent \u00e9galement \u00e0 limiter le nombre de fois o\u00f9 vous voyez une publicit\u00e9 et \u00e0 mesurer l\u2019efficacit\u00e9 des campagnes publicitaires. Ces cookies sont g\u00e9n\u00e9ralement plac\u00e9s par des r\u00e9seaux publicitaires avec l\u2019autorisation du propri\u00e9taire du site web.<\/p>\n<p><strong>Liste des cookies utilis\u00e9s sur <\/strong>MODULCO.BE<strong>:<\/strong><\/p>\n<ul>\n<li>cookiesjsr : Cookie qui stocke la d\u00e9cision de l\u2019utilisateur concernant les services \u00e0 utiliser et les cookies pouvant \u00eatre install\u00e9s.<\/li>\n<li>SESS[ID] : Pour les utilisateurs connect\u00e9s sur le site (lie le navigateur au compte utilisateur).<\/li>\n<li>_gat_UA-216058166-1 : Cookie de Google Analytics, limite le nombre de requ\u00eates vers Google Analytics et facilite la gestion de la collecte de donn\u00e9es sur les sites tr\u00e8s fr\u00e9quent\u00e9s.<\/li>\n<li>_gid : Cookie de Google Analytics, utilis\u00e9 pour distinguer les utilisateurs et suivre les statistiques sur le comportement des utilisateurs sur le site web.<\/li>\n<li>_ga : Cookie de Google Analytics, distingue les utilisateurs et collecte des donn\u00e9es sur leurs interactions avec le site web. Il est g\u00e9n\u00e9ralement utilis\u00e9 pour g\u00e9n\u00e9rer des statistiques sur les visiteurs.<\/li>\n<li>_gcl_au : Cookie de Google AdSense, utilis\u00e9 pour mesurer et optimiser l\u2019efficacit\u00e9 des publicit\u00e9s sur le site web en suivant les interactions des utilisateurs.<\/li>\n<\/ul>\n<p>Veuillez noter que des tiers (tels que des annonceurs) peuvent \u00e9galement utiliser des cookies sur lesquels nous n\u2019avons aucun contr\u00f4le. Consultez la politique de cookies de ces tiers pour plus d\u2019informations sur leur utilisation des cookies.<\/p>\n<p>D\u00e9couvrez comment Google prot\u00e8ge vos donn\u00e9es !\u00a0<a href=\"https:\/\/policies.google.com\/technologies\/partner-sites?hl=fr\" target=\"_blank\" rel=\"noopener\">Cliquez ici pour plus d\u2019informations.<\/a><\/p>\n<p><strong>Gestion des cookies<\/strong><\/p>\n<p>Vous pouvez d\u00e9finir vos pr\u00e9f\u00e9rences pour accepter ou refuser les cookies dans votre navigateur web. Consultez la section d\u2019aide de votre navigateur pour obtenir plus d\u2019informations sur la gestion des cookies. Veuillez noter que la d\u00e9sactivation de certains cookies peut affecter le fonctionnement de notre site web.<\/p>\n<p><strong>Plus d&#8217;informations<\/strong><\/p>\n<p>Pour plus d\u2019informations sur la mani\u00e8re dont nous utilisons et prot\u00e9geons vos donn\u00e9es personnelles, veuillez vous r\u00e9f\u00e9rer \u00e0 notre politique de confidentialit\u00e9.<\/p>\n<p>Pour toute question ou commentaire sur notre politique en mati\u00e8re de cookies, veuillez nous contacter aux coordonn\u00e9es suivantes :<\/p>\n<p>MODULCO \u2013 Route du Grand-Peuplier 16 7110 Str\u00e9py-Bracquegnies \u2013 Belgique<br \/>\nT\u00e9l. : +32 (0)64 54 94 09<br \/>\nE-mail : info@modulco.be \u2013 BE 0526.899.743<\/p>\n<p><strong>Modifications de la politique en mati\u00e8re de cookies<\/strong><\/p>\n<p>Nous nous r\u00e9servons le droit de mettre \u00e0 jour ou de modifier cette politique en mati\u00e8re de cookies \u00e0 tout moment. Toute modification de cette politique sera affich\u00e9e sur notre site web avec une date mise \u00e0 jour. Il est de votre responsabilit\u00e9 de consulter r\u00e9guli\u00e8rement la politique en mati\u00e8re de cookies pour prendre connaissance de ces modifications.<\/p>\n<\/div>\n                                                                        <\/div>\n                <\/div>\n                    <\/div>\n    <\/div>\n<\/section>\n","protected":false},"excerpt":{"rendered":"","protected":false},"author":1,"featured_media":0,"parent":0,"menu_order":0,"comment_status":"closed","ping_status":"closed","template":"","meta":{"_acf_changed":false,"footnotes":""},"class_list":["post-346","page","type-page","status-publish","hentry"],"acf":[],"_links":{"self":[{"href":"https:\/\/modulco.be\/fr\/wp-json\/wp\/v2\/pages\/346","targetHints":{"allow":["GET"]}}],"collection":[{"href":"https:\/\/modulco.be\/fr\/wp-json\/wp\/v2\/pages"}],"about":[{"href":"https:\/\/modulco.be\/fr\/wp-json\/wp\/v2\/types\/page"}],"author":[{"embeddable":true,"href":"https:\/\/modulco.be\/fr\/wp-json\/wp\/v2\/users\/1"}],"replies":[{"embeddable":true,"href":"https:\/\/modulco.be\/fr\/wp-json\/wp\/v2\/comments?post=346"}],"version-history":[{"count":4,"href":"https:\/\/modulco.be\/fr\/wp-json\/wp\/v2\/pages\/346\/revisions"}],"predecessor-version":[{"id":3896,"href":"https:\/\/modulco.be\/fr\/wp-json\/wp\/v2\/pages\/346\/revisions\/3896"}],"wp:attachment":[{"href":"https:\/\/modulco.be\/fr\/wp-json\/wp\/v2\/media?parent=346"}],"curies":[{"name":"wp","href":"https:\/\/api.w.org\/{rel}","templated":true}]}}