{"id":298,"date":"2025-07-04T08:27:16","date_gmt":"2025-07-04T06:27:16","guid":{"rendered":"https:\/\/modulco.be\/?page_id=298"},"modified":"2026-05-08T14:13:34","modified_gmt":"2026-05-08T12:13:34","slug":"occasions","status":"publish","type":"page","link":"https:\/\/modulco.be\/fr\/occasions\/","title":{"rendered":"Occasions"},"content":{"rendered":"\n<section class=\"acf-block acf-block-content acf-block-first acf-block-watermark acf-block-watermark-left acf-block-watermark-top\" id=\"block_acf-block_68dbc4114ceaf\">\n    <div class=\"container-fluid\">\n        <div class=\"columns__container row\">\n                            \n                <div class=\"content__wrapper col-md-10\">\n                    \n                    <div class=\"content__container\">\n                                                                                    <div class=\"content__body\"><h1>Container d&#8217;occasion<\/h1>\n<p>&nbsp;<\/p>\n<\/div>\n                                                                        <\/div>\n                <\/div>\n                    <\/div>\n    <\/div>\n<\/section>\n\n\n\n<section class=\"acf-block acf-block-products\" id=\"block_acf-block_693acb7aad10b\">\n    <div class=\"container-fluid\">\n        <div class=\"row\">\n            <div class=\"products__wrapper col-md-12\">\n                \n                <div class=\"products\">\n                    <div class=\"products__container cards row\">\n                                                                                    \n                                <div class=\"product card col-xs-12 col-lg-6 col-xl-4\">\n                                    <div class=\"product__gallery\">\n                                        <div class=\"splide card__container\">\n                                            <div class=\"splide__track\">\n                                                <ul class=\"splide__list list-reset\">\n                                                                                                                                                                        <li class=\"splide__slide\">\n                                                                <img loading=\"lazy\" decoding=\"async\" width=\"320\" height=\"200\" src=\"https:\/\/modulco.be\/app\/uploads\/2025\/11\/IMG-6511-320x200.jpg\" class=\"attachment-slide size-slide\" alt=\"\" \/>                                                            <\/li>\n                                                                                                                    <li class=\"splide__slide\">\n                                                                <img loading=\"lazy\" decoding=\"async\" width=\"320\" height=\"200\" src=\"https:\/\/modulco.be\/app\/uploads\/2025\/11\/IMG-6507-320x200.jpg\" class=\"attachment-slide size-slide\" alt=\"\" \/>                                                            <\/li>\n                                                                                                                    <li class=\"splide__slide\">\n                                                                <img loading=\"lazy\" decoding=\"async\" width=\"320\" height=\"200\" src=\"https:\/\/modulco.be\/app\/uploads\/2025\/11\/IMG-6506-320x200.jpg\" class=\"attachment-slide size-slide\" alt=\"\" \/>                                                            <\/li>\n                                                                                                                    <li class=\"splide__slide\">\n                                                                <img loading=\"lazy\" decoding=\"async\" width=\"320\" height=\"200\" src=\"https:\/\/modulco.be\/app\/uploads\/2025\/11\/IMG-6999-320x200.jpg\" class=\"attachment-slide size-slide\" alt=\"\" \/>                                                            <\/li>\n                                                                                                                    <li class=\"splide__slide\">\n                                                                <img loading=\"lazy\" decoding=\"async\" width=\"320\" height=\"200\" src=\"https:\/\/modulco.be\/app\/uploads\/2025\/11\/IMG-6998-320x200.jpg\" class=\"attachment-slide size-slide\" alt=\"\" \/>                                                            <\/li>\n                                                                                                                    <li class=\"splide__slide\">\n                                                                <img loading=\"lazy\" decoding=\"async\" width=\"320\" height=\"200\" src=\"https:\/\/modulco.be\/app\/uploads\/2025\/11\/IMG-6509-320x200.jpg\" class=\"attachment-slide size-slide\" alt=\"\" \/>                                                            <\/li>\n                                                                                                                                                            <\/ul>\n                                            <\/div>\n\n                                            <div class=\"splide__tools\">\n                                                \n<div class=\"splide__arrows\">\n    <button\n        aria-label=\"Diapositive pr\u00e9c\u00e9dente\"\n        class=\"splide__arrow splide__arrow--prev\"\n        type=\"button\"\n    >\n        <svg xmlns=\"http:\/\/www.w3.org\/2000\/svg\" viewBox=\"0 0 320 512\"><path d=\"M310.6 233.4c12.5 12.5 12.5 32.8 0 45.3l-192 192c-12.5 12.5-32.8 12.5-45.3 0s-12.5-32.8 0-45.3L242.7 256 73.4 86.6c-12.5-12.5-12.5-32.8 0-45.3s32.8-12.5 45.3 0l192 192z\"\/><\/svg>    <\/button>\n\n    <button\n        aria-label=\"Diapositive suivante\"\n        class=\"splide__arrow splide__arrow--next\"\n        type=\"button\"\n    >\n        <svg xmlns=\"http:\/\/www.w3.org\/2000\/svg\" viewBox=\"0 0 320 512\"><path d=\"M310.6 233.4c12.5 12.5 12.5 32.8 0 45.3l-192 192c-12.5 12.5-32.8 12.5-45.3 0s-12.5-32.8 0-45.3L242.7 256 73.4 86.6c-12.5-12.5-12.5-32.8 0-45.3s32.8-12.5 45.3 0l192 192z\"\/><\/svg>    <\/button>\n<\/div>\n                                            <\/div>\n                                        <\/div>\n\n                                        <div class=\"product__info\">\n                                            <p class=\"product__info--title\">Occasion : Roulotte de chantier +- 300cm x 210 cm ||2600,00 \u20ac ||<\/p>\n\n                                                                                            <p class=\"product__info--sizes\">\n                                                    300 cm                                                    x 210 cm                                                    &#8211; 0,00 m\u00b2                                                <\/p>\n                                                                                    <\/div>\n                                    <\/div>\n\n                                    <div class=\"product__links\">\n                                        <a class=\"product__link\" href=\"https:\/\/modulco.be\/fr\/produit\/wc62pmr-600-cm-x-240-cm-hd-4\/\">\n                                            <svg xmlns=\"http:\/\/www.w3.org\/2000\/svg\" viewBox=\"0 0 512 512\">\n  <path d=\"M256 32a224 224 0 1 1 0 448 224 224 0 1 1 0-448zm0 480A256 256 0 1 0 256 0a256 256 0 1 0 0 512zM208 352c-8.8 0-16 7.2-16 16s7.2 16 16 16l96 0c8.8 0 16-7.2 16-16s-7.2-16-16-16l-32 0 0-112c0-8.8-7.2-16-16-16l-40 0c-8.8 0-16 7.2-16 16s7.2 16 16 16l24 0 0 96-32 0zm48-168a24 24 0 1 0 0-48 24 24 0 1 0 0 48z\"\/>\n<\/svg>                                            Plus d&#8217;infos                                        <\/a>\n\n                                                                                                                                    <a\n                                                    class=\"btn btn-primary\"\n                                                    href=\"https:\/\/modulco.be\/fr\/contact\/?subject=Achat+occasion&#038;message=Bonjour%2C+je+souhaite+des+informations+concernant+le+produit+%22Occasion : Roulotte de chantier +- 300cm x 210 cm ||2600,00 \u20ac ||%22.\"\n                                                                                                    >\n                                                    Nous contacter                                                <\/a>\n                                                                                                                        <\/div>\n                                <\/div>\n                                                            \n                                <div class=\"product card col-xs-12 col-lg-6 col-xl-4\">\n                                    <div class=\"product__gallery\">\n                                        <div class=\"splide card__container\">\n                                            <div class=\"splide__track\">\n                                                <ul class=\"splide__list list-reset\">\n                                                                                                                                                                        <li class=\"splide__slide\">\n                                                                <img loading=\"lazy\" decoding=\"async\" width=\"320\" height=\"200\" src=\"https:\/\/modulco.be\/app\/uploads\/2026\/03\/Occasion-vestiaire-2-320x200.jpg\" class=\"attachment-slide size-slide\" alt=\"\" \/>                                                            <\/li>\n                                                                                                                    <li class=\"splide__slide\">\n                                                                <img loading=\"lazy\" decoding=\"async\" width=\"320\" height=\"200\" src=\"https:\/\/modulco.be\/app\/uploads\/2026\/03\/IMG_9850-320x200.jpg\" class=\"attachment-slide size-slide\" alt=\"\" \/>                                                            <\/li>\n                                                                                                                    <li class=\"splide__slide\">\n                                                                <img loading=\"lazy\" decoding=\"async\" width=\"320\" height=\"200\" src=\"https:\/\/modulco.be\/app\/uploads\/2026\/03\/Occasion-vestiaire-1-320x200.jpg\" class=\"attachment-slide size-slide\" alt=\"\" \/>                                                            <\/li>\n                                                                                                                                                            <\/ul>\n                                            <\/div>\n\n                                            <div class=\"splide__tools\">\n                                                \n<div class=\"splide__arrows\">\n    <button\n        aria-label=\"Diapositive pr\u00e9c\u00e9dente\"\n        class=\"splide__arrow splide__arrow--prev\"\n        type=\"button\"\n    >\n        <svg xmlns=\"http:\/\/www.w3.org\/2000\/svg\" viewBox=\"0 0 320 512\"><path d=\"M310.6 233.4c12.5 12.5 12.5 32.8 0 45.3l-192 192c-12.5 12.5-32.8 12.5-45.3 0s-12.5-32.8 0-45.3L242.7 256 73.4 86.6c-12.5-12.5-12.5-32.8 0-45.3s32.8-12.5 45.3 0l192 192z\"\/><\/svg>    <\/button>\n\n    <button\n        aria-label=\"Diapositive suivante\"\n        class=\"splide__arrow splide__arrow--next\"\n        type=\"button\"\n    >\n        <svg xmlns=\"http:\/\/www.w3.org\/2000\/svg\" viewBox=\"0 0 320 512\"><path d=\"M310.6 233.4c12.5 12.5 12.5 32.8 0 45.3l-192 192c-12.5 12.5-32.8 12.5-45.3 0s-12.5-32.8 0-45.3L242.7 256 73.4 86.6c-12.5-12.5-12.5-32.8 0-45.3s32.8-12.5 45.3 0l192 192z\"\/><\/svg>    <\/button>\n<\/div>\n                                            <\/div>\n                                        <\/div>\n\n                                        <div class=\"product__info\">\n                                            <p class=\"product__info--title\">Occasion : Module d&#8217;occasion de +-600 x 300 cm vestiaires avec 3 lavabos || 8500,00 \u20ac ||<\/p>\n\n                                                                                            <p class=\"product__info--sizes\">\n                                                    600 cm                                                    x 300 cm                                                    &#8211; 18,00 m\u00b2                                                <\/p>\n                                                                                    <\/div>\n                                    <\/div>\n\n                                    <div class=\"product__links\">\n                                        <a class=\"product__link\" href=\"https:\/\/modulco.be\/fr\/produit\/occasion-module-doccasion-de-600-x-300-cm-vestiaires-avec-3-lavabos-850000-e\/\">\n                                            <svg xmlns=\"http:\/\/www.w3.org\/2000\/svg\" viewBox=\"0 0 512 512\">\n  <path d=\"M256 32a224 224 0 1 1 0 448 224 224 0 1 1 0-448zm0 480A256 256 0 1 0 256 0a256 256 0 1 0 0 512zM208 352c-8.8 0-16 7.2-16 16s7.2 16 16 16l96 0c8.8 0 16-7.2 16-16s-7.2-16-16-16l-32 0 0-112c0-8.8-7.2-16-16-16l-40 0c-8.8 0-16 7.2-16 16s7.2 16 16 16l24 0 0 96-32 0zm48-168a24 24 0 1 0 0-48 24 24 0 1 0 0 48z\"\/>\n<\/svg>                                            Plus d&#8217;infos                                        <\/a>\n\n                                                                                                                                    <a\n                                                    class=\"btn btn-primary\"\n                                                    href=\"https:\/\/modulco.be\/fr\/contact\/?subject=Achat+occasion&#038;message=Bonjour%2C+je+souhaite+des+informations+concernant+le+produit+%22Occasion : Module d&#8217;occasion de +-600 x 300 cm vestiaires avec 3 lavabos || 8500,00 \u20ac ||%22.\"\n                                                                                                    >\n                                                    Nous contacter                                                <\/a>\n                                                                                                                        <\/div>\n                                <\/div>\n                                                                        <\/div>\n\n                                    <\/div>\n            <\/div>\n        <\/div>\n    <\/div>\n<\/section>\n\n\n\n<section class=\"acf-block acf-block-content acf-block-watermark acf-block-watermark-right acf-block-watermark-top\" id=\"block_acf-block_691de1a0457e2\">\n    <div class=\"container-fluid\">\n        <div class=\"columns__container row\">\n                            \n                <div class=\"content__wrapper col-md-10\">\n                    \n                    <div class=\"content__container\">\n                                                                                    <div class=\"content__body\"><h2 class=\"m-b-30\" style=\"text-align: left;\">Int\u00e9ress\u00e9 par un module d&#8217;occasion ?<\/h2>\n<p style=\"text-align: left;\">Nous vous invitons \u00e0\u00a0<a href=\"https:\/\/modulco.be\/fr\/contactez-nous\">nous rendre visite<\/a>, tous nos modules et conteneurs ne sont pas affich\u00e9s sur notre site.<br \/>\nN&#8217;h\u00e9sitez donc pas \u00e0\u00a0<a href=\"https:\/\/modulco.be\/fr\/contactez-nous\">nous communiquer vos demandes<\/a>.<\/p>\n<p>Le renouvellement constant de notre parc locatif nous permet de vous proposer de nombreux modules arrivant \u00e0 terme.<br \/>\nSur base des modules propos\u00e9s \u00e0 la vente nous pouvons r\u00e9aliser pour vous les am\u00e9nagements ou modifications sp\u00e9cifiques \u00e0 vos besoins et du mobilier neuf ou d&#8217;occasion peut aussi vous \u00eatre vendu.<\/p>\n<p><strong>Tous les prix de vente mentionn\u00e9s dans cette rubrique sont hors tva (21%) et hors frais de livraison.<\/strong><br \/>\nTous les modules sont propos\u00e9s sous r\u00e9serve de disponibilit\u00e9 au moment de la commande.<\/p>\n<\/div>\n                                                                        <\/div>\n                <\/div>\n                    <\/div>\n    <\/div>\n<\/section>\n\n\n\n<section class=\"acf-block acf-block-content acf-block-last\" id=\"block_acf-block_691ef0c70d2c3\">\n    <div class=\"container-fluid\">\n        <div class=\"columns__container row\">\n                            \n                <div class=\"content__wrapper col-md-10\">\n                    \n                    <div class=\"content__container\">\n                                                                                                <\/div>\n                <\/div>\n                    <\/div>\n    <\/div>\n<\/section>\n","protected":false},"excerpt":{"rendered":"","protected":false},"author":1,"featured_media":0,"parent":0,"menu_order":0,"comment_status":"closed","ping_status":"closed","template":"","meta":{"_acf_changed":false,"footnotes":""},"class_list":["post-298","page","type-page","status-publish","hentry"],"acf":[],"_links":{"self":[{"href":"https:\/\/modulco.be\/fr\/wp-json\/wp\/v2\/pages\/298","targetHints":{"allow":["GET"]}}],"collection":[{"href":"https:\/\/modulco.be\/fr\/wp-json\/wp\/v2\/pages"}],"about":[{"href":"https:\/\/modulco.be\/fr\/wp-json\/wp\/v2\/types\/page"}],"author":[{"embeddable":true,"href":"https:\/\/modulco.be\/fr\/wp-json\/wp\/v2\/users\/1"}],"replies":[{"embeddable":true,"href":"https:\/\/modulco.be\/fr\/wp-json\/wp\/v2\/comments?post=298"}],"version-history":[{"count":29,"href":"https:\/\/modulco.be\/fr\/wp-json\/wp\/v2\/pages\/298\/revisions"}],"predecessor-version":[{"id":1865,"href":"https:\/\/modulco.be\/fr\/wp-json\/wp\/v2\/pages\/298\/revisions\/1865"}],"wp:attachment":[{"href":"https:\/\/modulco.be\/fr\/wp-json\/wp\/v2\/media?parent=298"}],"curies":[{"name":"wp","href":"https:\/\/api.w.org\/{rel}","templated":true}]}}