{"id":284,"date":"2025-07-04T08:24:11","date_gmt":"2025-07-04T06:24:11","guid":{"rendered":"https:\/\/modulco.be\/?page_id=284"},"modified":"2026-05-08T16:02:43","modified_gmt":"2026-05-08T14:02:43","slug":"faqs","status":"publish","type":"page","link":"https:\/\/modulco.be\/fr\/faqs\/","title":{"rendered":"FAQs"},"content":{"rendered":"\n<section class=\"acf-block acf-block-content acf-block-first ets-animate ets-slide-right\" id=\"block_acf-block_68677ecf01d32\">\n    <div class=\"container-fluid\">\n        <div class=\"columns__container row\">\n                            \n                <div class=\"content__wrapper\">\n                    \n                    <div class=\"content__container\">\n                                                                                    <div class=\"content__body\"><h1>Foire aux Questions<\/h1>\n<\/div>\n                                                                        <\/div>\n                <\/div>\n                    <\/div>\n    <\/div>\n<\/section>\n\n\n\n    <section class=\"acf-block acf-block-faq ets-animate ets-slide-left acf-block-watermark acf-block-watermark-right acf-block-watermark-middle\" id=\"block_acf-block_68677ecf04ba9\">\n        <div class=\"container-fluid\">\n            <div class=\"row\">\n                <ul class=\"faq__list list-reset col-md-6 offset-md-3\">\n                                            <li class=\"faq__item\">\n                            <label class=\"faq__item--question-container\">\n                                <input type=\"checkbox\">\n\n                                <span class=\"faq__item--question h5\">Vous d\u00e9sirer louer ou acheter vos modules ?<\/span>\n                            <\/label>\n\n                            <div class=\"faq__item--answer-container\">\n                                <div class=\"faq__item--answer\">\n                                    <p>Location ou achat ?<\/p>\n<p>Cela d\u00e9pend beaucoup de la dur\u00e9e pendant laquelle vous allez avoir besoin des modules et du degr\u00e9 de personnalisation que vous souhaitez apporter aux modules.<br \/>\nDu point vue comptable, les locations vont passer en charges annuelles tandis que les achats vont passer en investissements.<\/p>\n<p>C\u2019est la raison pour laquelle Modulco vous propose diff\u00e9rents services tels que la location courte dur\u00e9e (moins d\u2019un an), longue dur\u00e9e (plus d\u2019un an) et l\u2019achat direct.<\/p>\n                                <\/div>\n                            <\/div>\n                        <\/li>\n                                            <li class=\"faq__item\">\n                            <label class=\"faq__item--question-container\">\n                                <input type=\"checkbox\">\n\n                                <span class=\"faq__item--question h5\">Qui s\u2019occupe de l\u2019installation du module ?<\/span>\n                            <\/label>\n\n                            <div class=\"faq__item--answer-container\">\n                                <div class=\"faq__item--answer\">\n                                    <p><strong>Modulco<\/strong> se charge de votre projet de A \u00e0 Z. Notre entreprise dispose d&#8217;un <strong>service de transport<\/strong> qui vous am\u00e8nera vos modules \u00e0 l&#8217;endroit pr\u00e9vu.<\/p>\n<p>Sur base d&#8217;un sol stable, nos \u00e9quipes placeront sur cales vos modules.<\/p>\n<p>Si des fondations en b\u00e9tons s&#8217;av\u00e9raient n\u00e9cessaires, nous vous fournirons un plan des fondations \u00e0 r\u00e9aliser pour nous permettre l&#8217;installation des modules en toute s\u00e9curit\u00e9.<\/p>\n<p>Le raccordement \u00e9lectrique des modules entre eux sera assur\u00e9 par nos techniciens tandis que le raccordement externe des modules \u00e0 votre compteur \u00e9lectrique sera effectu\u00e9 par votre \u00e9lectricien habituel. Il en sera de m\u00eame pour les raccordements \u00e0 l&#8217;alimentation en eau des modules ainsi que pour l&#8217;\u00e9vacuation des eaux des modules sanitaires.<\/p>\n<p>De plus, des <strong>techniciens sp\u00e9cialis\u00e9s<\/strong> peuvent se rendre sur place pour toute installation sp\u00e9cifique au module.<\/p>\n                                <\/div>\n                            <\/div>\n                        <\/li>\n                                            <li class=\"faq__item\">\n                            <label class=\"faq__item--question-container\">\n                                <input type=\"checkbox\">\n\n                                <span class=\"faq__item--question h5\">Quelles dimensions sont r\u00e9alisables en constructions modulaires ?<\/span>\n                            <\/label>\n\n                            <div class=\"faq__item--answer-container\">\n                                <div class=\"faq__item--answer\">\n                                    <div class=\"panel-body\">\n<p align=\"left\">L&#8217;espace modulaire est illimit\u00e9 parce que tous nos modules sont assemblables \u00e0 l&#8217;infini et superposables.<\/p>\n<p align=\"left\">Les modules sont comme des &#8220;l\u00e9gos&#8221; dont la largeur maximum est de +\/- 300 cm sur une longueur maximum de 1200 cm.<br \/>\nLa hauteur int\u00e9rieure maximale d&#8217;un module est de 270 cm.<\/p>\n<p align=\"left\">Les modules standards les plus utilis\u00e9s en location ont une dimension de: 600 cm sur 240 cm +\/- 14,4 m\u00b2 ou 600 cm sur 300 cm +\/- 18 m\u00b2.<\/p>\n<\/div>\n                                <\/div>\n                            <\/div>\n                        <\/li>\n                                            <li class=\"faq__item\">\n                            <label class=\"faq__item--question-container\">\n                                <input type=\"checkbox\">\n\n                                <span class=\"faq__item--question h5\">Quelles sont les possibilit\u00e9s de personnalisation d\u2019un module dans une formule d\u2019achat ? <\/span>\n                            <\/label>\n\n                            <div class=\"faq__item--answer-container\">\n                                <div class=\"faq__item--answer\">\n                                    <p>Elles sont multiples et presque infinies; de nombreux \u00e9l\u00e9ments composant les modules peuvent \u00eatre modifi\u00e9s.<\/p>\n<p>Principalement, vous avez le choix de la valeur d&#8217;isolation du module, le choix de la finition ext\u00e9rieur, de la finition int\u00e9rieur, de l&#8217;am\u00e9nagement, de l&#8217;\u00e9lectricit\u00e9, &#8230;<\/p>\n                                <\/div>\n                            <\/div>\n                        <\/li>\n                                            <li class=\"faq__item\">\n                            <label class=\"faq__item--question-container\">\n                                <input type=\"checkbox\">\n\n                                <span class=\"faq__item--question h5\">Dois-je payer une caution ?<\/span>\n                            <\/label>\n\n                            <div class=\"faq__item--answer-container\">\n                                <div class=\"faq__item--answer\">\n                                    <p>Oui, une caution doit \u00eatre vers\u00e9e si vous \u00eates un nouveau client professionnel et selon votre rating cr\u00e9dit.<\/p>\n<p>Une caution doit toujours \u00eatre vers\u00e9e par les particuliers.<\/p>\n                                <\/div>\n                            <\/div>\n                        <\/li>\n                                            <li class=\"faq__item\">\n                            <label class=\"faq__item--question-container\">\n                                <input type=\"checkbox\">\n\n                                <span class=\"faq__item--question h5\">\u00cates-vous ouvert pendant les cong\u00e9s du b\u00e2timent ?<\/span>\n                            <\/label>\n\n                            <div class=\"faq__item--answer-container\">\n                                <div class=\"faq__item--answer\">\n                                    <p>Nous sommes ouverts pendant cette p\u00e9riode.<\/p>\n                                <\/div>\n                            <\/div>\n                        <\/li>\n                                            <li class=\"faq__item\">\n                            <label class=\"faq__item--question-container\">\n                                <input type=\"checkbox\">\n\n                                <span class=\"faq__item--question h5\">Quels sont les horaires d&#8217;ouverture ?<\/span>\n                            <\/label>\n\n                            <div class=\"faq__item--answer-container\">\n                                <div class=\"faq__item--answer\">\n                                    <div class=\"panel-body\">\n<p>Nous sommes toujours \u00e0 votre service pendant les heures d&#8217;ouverture suivantes :<\/p>\n<ul>\n<li><b>Du lundi au jeudi :<\/b> de 08h30 \u00e0 16h30<\/li>\n<li><b>Vendredi : <\/b>de 08h30 \u00e0 16h00<\/li>\n<li><b>Ferm\u00e9 <\/b>: le samedi, dimanche et jours f\u00e9ri\u00e9s<\/li>\n<\/ul>\n<\/div>\n                                <\/div>\n                            <\/div>\n                        <\/li>\n                                            <li class=\"faq__item\">\n                            <label class=\"faq__item--question-container\">\n                                <input type=\"checkbox\">\n\n                                <span class=\"faq__item--question h5\">Comment puis-je mettre fin \u00e0 mon contrat de location ?<\/span>\n                            <\/label>\n\n                            <div class=\"faq__item--answer-container\">\n                                <div class=\"faq__item--answer\">\n                                    <p>Vous pouvez mettre fin au contrat de location en nous envoyant un e-mail.<\/p>\n<p>La p\u00e9riode de location prend fin le jour o\u00f9 nous recevons l&#8217;e-mail \u00e0 condition qu&#8217;il s&#8217;agisse d&#8217;un jour ouvrable.<\/p>\n<p>Dans le cas contraire, la p\u00e9riode de location prend fin le premier jour ouvrable de la semaine suivante.<\/p>\n<p>Veuillez indiquer le num\u00e9ro du contrat de location afin de faciliter le traitement administratif ainsi que nous indiquer \u00e0 quel moment nos camions peuvent acc\u00e9der aux conteneurs pour la reprise.<\/p>\n<p>Nous reprenons les modules uniquement vides et propres.<\/p>\n<p>Les boilers des modules douches doivent \u00eatre vidang\u00e9.<\/p>\n<p>Les cuves de fosse septique doivent avoir \u00e9t\u00e9 vidang\u00e9es compl\u00e8tement.<\/p>\n<p><b>Veuillez noter<\/b> que si vous ne r\u00e9siliez pas votre contrat, la p\u00e9riode de location se poursuivra. \u00c9vitez les mauvaises surprises sur votre facture et faites-le \u00e0 temps.<\/p>\n                                <\/div>\n                            <\/div>\n                        <\/li>\n                                            <li class=\"faq__item\">\n                            <label class=\"faq__item--question-container\">\n                                <input type=\"checkbox\">\n\n                                <span class=\"faq__item--question h5\">Quelle est la dur\u00e9e minimale de location des unit\u00e9s et conteneurs ?<\/span>\n                            <\/label>\n\n                            <div class=\"faq__item--answer-container\">\n                                <div class=\"faq__item--answer\">\n                                    <p>Toute les dur\u00e9es inf\u00e9rieurs ou \u00e9gales \u00e0 1 mois seront factur\u00e9es \u00e0 un forfait de 1 mois<\/p>\n                                <\/div>\n                            <\/div>\n                        <\/li>\n                                            <li class=\"faq__item\">\n                            <label class=\"faq__item--question-container\">\n                                <input type=\"checkbox\">\n\n                                <span class=\"faq__item--question h5\">Que dois-je faire en cas de mat\u00e9riel d\u00e9fectueux ?<\/span>\n                            <\/label>\n\n                            <div class=\"faq__item--answer-container\">\n                                <div class=\"faq__item--answer\">\n                                    <div class=\"panel-body\">\n<p>Notre \u00e9quipe et notre service technique sont \u00e0 votre disposition au 064.54.94.09 ( touche 3 ). Notre service apr\u00e8s-vente se rendra sur place dans les plus brefs d\u00e9lais pour r\u00e9parer votre unit\u00e9 ou fourniture.<\/p>\n<p>Vous avez encore des questions ? N&#8217;h\u00e9sitez pas \u00e0 nous contacter au 064.54.94.09 , nous vous aiderons avec plaisir.<\/p>\n<\/div>\n                                <\/div>\n                            <\/div>\n                        <\/li>\n                                    <\/ul>\n            <\/div>\n        <\/div>\n    <\/section>\n\n\n\n    <section class=\"acf-block acf-block-cta\" id=\"block_acf-block_6867001456956\">\n        <div class=\"cta__wrapper\">\n            <div class=\"container-fluid\">\n                <div class=\"cta__content\">\n                    <h3>Vous avez une question ?<br \/>\nUn projet ?<\/h3>\n<p><strong>Nos experts vous r\u00e9pondent<\/strong><\/p>\n                <\/div>\n\n                <div class=\"cta__link\">\n                    <a\n                        class=\"btn btn-tertiary\"\n                        href=\"https:\/\/modulco.be\/fr\/contact\/\"\n                                            >\n                        Contactez-nous                    <\/a>\n                <\/div>\n            <\/div>\n        <\/div>\n    <\/section>\n","protected":false},"excerpt":{"rendered":"","protected":false},"author":1,"featured_media":0,"parent":0,"menu_order":0,"comment_status":"closed","ping_status":"closed","template":"","meta":{"_acf_changed":false,"footnotes":""},"class_list":["post-284","page","type-page","status-publish","hentry"],"acf":[],"_links":{"self":[{"href":"https:\/\/modulco.be\/fr\/wp-json\/wp\/v2\/pages\/284","targetHints":{"allow":["GET"]}}],"collection":[{"href":"https:\/\/modulco.be\/fr\/wp-json\/wp\/v2\/pages"}],"about":[{"href":"https:\/\/modulco.be\/fr\/wp-json\/wp\/v2\/types\/page"}],"author":[{"embeddable":true,"href":"https:\/\/modulco.be\/fr\/wp-json\/wp\/v2\/users\/1"}],"replies":[{"embeddable":true,"href":"https:\/\/modulco.be\/fr\/wp-json\/wp\/v2\/comments?post=284"}],"version-history":[{"count":11,"href":"https:\/\/modulco.be\/fr\/wp-json\/wp\/v2\/pages\/284\/revisions"}],"predecessor-version":[{"id":594,"href":"https:\/\/modulco.be\/fr\/wp-json\/wp\/v2\/pages\/284\/revisions\/594"}],"wp:attachment":[{"href":"https:\/\/modulco.be\/fr\/wp-json\/wp\/v2\/media?parent=284"}],"curies":[{"name":"wp","href":"https:\/\/api.w.org\/{rel}","templated":true}]}}